{"id":11261,"date":"2024-07-09T19:36:02","date_gmt":"2024-07-09T19:36:02","guid":{"rendered":"http:\/\/mechanicalone.local\/financing\/"},"modified":"2024-11-16T22:14:20","modified_gmt":"2024-11-16T22:14:20","slug":"financiacion","status":"publish","type":"page","link":"https:\/\/mechanical-one.kmdgideas.com\/es\/financiacion\/","title":{"rendered":"Financing"},"content":{"rendered":"<div class=\"kmdg-builder-content\"><div class=\"builder-font-controller\"><section id=\"\" class=\"builder-section builder-section-type--section builder-custom-theme builder-theme--main-theme-dark-fonts builder-section-padding-top-huge builder-section-padding-bottom-huge builder-layout-padding-med builder-font-normal   builder-valign-middle  builder-animated-bg   builder-alt-bg-mobile-style builder-alt-bg-mobile-style--normal      builder-slice-none \" style='z-index: 100;background-color: #000000;' data-index=\"1\" ><div class='builder-bg-image-wrap builder-bg-image-wrap--main' style='height:100%'><div class='builder-img-bg builder-img-bg--simple'><img role='presentation' loading='eager' style='opacity:0.5;object-position:center;' alt='Group Of Young People Working Or Studying Together. Hipster Team In Coworking. Young Modern Business Colleagues. Startup Concept' src='https:\/\/mechanical-one.kmdgideas.com\/wp-content\/uploads\/2024\/07\/iStock-1286815183-1024x684.jpg' width='1024' height='684' srcset='https:\/\/mechanical-one.kmdgideas.com\/wp-content\/uploads\/2024\/07\/iStock-1286815183.jpg 2000w, https:\/\/mechanical-one.kmdgideas.com\/wp-content\/uploads\/2024\/07\/iStock-1286815183-1024x684.jpg 1024w, https:\/\/mechanical-one.kmdgideas.com\/wp-content\/uploads\/2024\/07\/iStock-1286815183-768x513.jpg 768w' sizes='(min-width: 2001px) 2000px, (min-width: 1200px) 2000px, (min-width: 768px) 1024px, (min-width: 0px) 768px, 100vw' \/><\/div><\/div><div class=\"builder-layouts-container\"><div class=\"builder-layout builder-layout-one-column \"><div class=\"builder-container\">\n<div class=\"builder-table\">\n    \n\n    <div class=\"builder-column builder-column-type--column \">\n        <div class=\"builder-column-body\">\n            <div class=\"builder-content\">\n                \n<div  class=\"builder-component builder-component-title builder-component-index-1     mobile-align mobile-align--default \" style=\"\">\n    <div class=\"builder-column-header \"\n         style=\"text-align: center; justify-content: center;\">\n        \n        <h1 class=\"builder-title builder-style--h1  \" style=\"  \">\n                            Financiaci\u00f3n                    <\/h1>\n    <\/div>\n<\/div>            <\/div>\n        <\/div>\n    <\/div>\n<\/div>\n\n<\/div><\/div><\/div><\/section><section id=\"\" class=\"builder-section builder-section-type--section builder-custom-theme builder-theme--main-theme-dark-fonts-smaller-channel builder-section-padding-top-med builder-section-padding-bottom-high builder-layout-padding-med builder-font-normal   builder-valign-top  builder-animated-bg          builder-slice-none \" style='z-index: 99;' data-index=\"2\" ><div class=\"builder-layouts-container\"><div class=\"builder-layout builder-layout-one-column \"><div class=\"builder-container\">\n<div class=\"builder-table\">\n    \n\n    <div class=\"builder-column builder-column-type--column \">\n        <div class=\"builder-column-body\">\n            <div class=\"builder-content\">\n                \n\n\n<div  class=\"builder-component builder-component-wysiwyg builder-component-index-1      disable_mobile_padding list-style--default border-style-default \" style=\"padding: 0% 11% 0% 11%;\">\n    <h4 style=\"text-align: center;\"><b>Mechanical One ofrece financiaci\u00f3n a trav\u00e9s de GoodLeap<\/b><\/h4>\n<p><a href=\"https:\/\/goodleap.com\/\" target=\"_blank\" rel=\"noopener\"><img loading=\"lazy\" decoding=\"async\" class=\"wp-image-8385 aligncenter\" src=\"http:\/\/mechanicalone.local\/wp-content\/uploads\/2024\/07\/goodleap-logo-300x74.png\" alt=\"\" width=\"235\" height=\"58\" srcset=\"https:\/\/mechanical-one.kmdgideas.com\/wp-content\/uploads\/2024\/07\/goodleap-logo-300x74.png 300w, https:\/\/mechanical-one.kmdgideas.com\/wp-content\/uploads\/2024\/07\/goodleap-logo-1024x253.png 1024w, https:\/\/mechanical-one.kmdgideas.com\/wp-content\/uploads\/2024\/07\/goodleap-logo-768x190.png 768w, https:\/\/mechanical-one.kmdgideas.com\/wp-content\/uploads\/2024\/07\/goodleap-logo-100x25.png 100w, https:\/\/mechanical-one.kmdgideas.com\/wp-content\/uploads\/2024\/07\/goodleap-logo-550x136.png 550w, https:\/\/mechanical-one.kmdgideas.com\/wp-content\/uploads\/2024\/07\/goodleap-logo-1536x380.png 1536w, https:\/\/mechanical-one.kmdgideas.com\/wp-content\/uploads\/2024\/07\/goodleap-logo-2048x506.png 2048w\" sizes=\"auto, (max-width: 235px) 100vw, 235px\" \/><\/a><\/p>\n<p style=\"text-align: center;\">GoodLeap permite a los propietarios de viviendas de todo el pa\u00eds invertir en sus viviendas con una experiencia financiera sin estr\u00e9s. Sus opciones de pago flexibles le permiten dise\u00f1ar un plan que se ajuste a su presupuesto, mientras que una variedad de t\u00e9rminos de pr\u00e9stamo le garantizan encontrar el plan perfecto para sus objetivos financieros. Adem\u00e1s, GoodLeap prioriza la transparencia, por lo que puede estar seguro de que est\u00e1 maximizando sus ahorros durante todo el proceso del pr\u00e9stamo.<\/p>\n\n    <\/div>\n\n<div class=\"builder-component builder-component-spacer builder-component-index-2   \">\n    <div class=\"spacer spacer--desktop \" style=\"padding: 2% 0 0 0;\"><\/div>\n            <div class=\"spacer spacer--mobile\" style=\"padding: 2% 0 0 0;\"><\/div>\n    <\/div>\n\n<div class=\"builder-component builder-component-buttons builder-component-index-3    \">\n            <div class=\"buttons-row align-center mobile--center\" style=\"\">\n                            \n                <div class=\"single-button style-primary\">\n                    <a href=\"https:\/\/www.goodleap.dev\/mechanicalonellc\/92a6a91f-d657-4eca-9328-eedbad34808b\" target=\"_blank\"\n                        rel=\"noopener\" >\n\n                            Aplicar Ahora                    <\/a>\n                <\/div>\n                    <\/div>\n    <\/div>\n            <\/div>\n        <\/div>\n    <\/div>\n<\/div>\n\n<\/div><\/div><\/div><\/section><\/div><\/div>","protected":false},"excerpt":{"rendered":"<p>Financiaci\u00f3n Mechanical One ofrece financiaci\u00f3n a trav\u00e9s de GoodLeap GoodLeap permite a los propietarios de viviendas de todo el pa\u00eds invertir en sus viviendas con una experiencia financiera sin estr\u00e9s. Sus opciones de pago flexibles&hellip;<\/p>\n","protected":false},"author":3,"featured_media":0,"parent":0,"menu_order":0,"comment_status":"closed","ping_status":"closed","template":"","meta":{"_acf_changed":false,"footnotes":""},"class_list":["post-11261","page","type-page","status-publish","hentry"],"acf":[],"yoast_head":"<!-- This site is optimized with the Yoast SEO plugin v26.2 - https:\/\/yoast.com\/wordpress\/plugins\/seo\/ -->\n<title>Financiaci\u00f3n - Mechanical One<\/title>\n<meta name=\"robots\" content=\"index, follow, max-snippet:-1, max-image-preview:large, max-video-preview:-1\" \/>\n<link rel=\"canonical\" href=\"https:\/\/mechanical-one.kmdgideas.com\/es\/financiacion\/\" \/>\n<meta property=\"og:locale\" content=\"es_ES\" \/>\n<meta property=\"og:type\" content=\"article\" \/>\n<meta property=\"og:title\" content=\"Financiaci\u00f3n - Mechanical One\" \/>\n<meta property=\"og:description\" content=\"Financiaci\u00f3n Mechanical One ofrece financiaci\u00f3n a trav\u00e9s de GoodLeap GoodLeap permite a los propietarios de viviendas de todo el pa\u00eds invertir en sus viviendas con una experiencia financiera sin estr\u00e9s. Sus opciones de pago flexibles&hellip;\" \/>\n<meta property=\"og:url\" content=\"https:\/\/mechanical-one.kmdgideas.com\/es\/financiacion\/\" \/>\n<meta property=\"og:site_name\" content=\"Mechanical One\" \/>\n<meta property=\"article:publisher\" content=\"https:\/\/www.facebook.com\/p\/Mechanical-One-61559277924609\/\" \/>\n<meta property=\"article:modified_time\" content=\"2024-11-16T22:14:20+00:00\" \/>\n<meta property=\"og:image\" content=\"http:\/\/mechanicalone.local\/wp-content\/uploads\/2024\/07\/iStock-1286815183.jpg\" \/>\n<meta name=\"twitter:card\" content=\"summary_large_image\" \/>\n<meta name=\"twitter:label1\" content=\"Est. reading time\" \/>\n\t<meta name=\"twitter:data1\" content=\"1 minuto\" \/>\n<script type=\"application\/ld+json\" class=\"yoast-schema-graph\">{\"@context\":\"https:\/\/schema.org\",\"@graph\":[{\"@type\":\"WebPage\",\"@id\":\"https:\/\/mechanical-one.kmdgideas.com\/es\/financiacion\/\",\"url\":\"https:\/\/mechanical-one.kmdgideas.com\/es\/financiacion\/\",\"name\":\"Financiaci\u00f3n - Mechanical One\",\"isPartOf\":{\"@id\":\"https:\/\/mechanical-one.kmdgideas.com\/es\/#website\"},\"primaryImageOfPage\":{\"@id\":\"https:\/\/mechanical-one.kmdgideas.com\/es\/financiacion\/#primaryimage\"},\"image\":{\"@id\":\"https:\/\/mechanical-one.kmdgideas.com\/es\/financiacion\/#primaryimage\"},\"thumbnailUrl\":\"http:\/\/mechanicalone.local\/wp-content\/uploads\/2024\/07\/iStock-1286815183.jpg\",\"datePublished\":\"2024-07-09T19:36:02+00:00\",\"dateModified\":\"2024-11-16T22:14:20+00:00\",\"breadcrumb\":{\"@id\":\"https:\/\/mechanical-one.kmdgideas.com\/es\/financiacion\/#breadcrumb\"},\"inLanguage\":\"es\",\"potentialAction\":[{\"@type\":\"ReadAction\",\"target\":[\"https:\/\/mechanical-one.kmdgideas.com\/es\/financiacion\/\"]}]},{\"@type\":\"ImageObject\",\"inLanguage\":\"es\",\"@id\":\"https:\/\/mechanical-one.kmdgideas.com\/es\/financiacion\/#primaryimage\",\"url\":\"http:\/\/mechanicalone.local\/wp-content\/uploads\/2024\/07\/iStock-1286815183.jpg\",\"contentUrl\":\"http:\/\/mechanicalone.local\/wp-content\/uploads\/2024\/07\/iStock-1286815183.jpg\"},{\"@type\":\"BreadcrumbList\",\"@id\":\"https:\/\/mechanical-one.kmdgideas.com\/es\/financiacion\/#breadcrumb\",\"itemListElement\":[{\"@type\":\"ListItem\",\"position\":1,\"name\":\"Home\",\"item\":\"https:\/\/mechanical-one.kmdgideas.com\/es\/\"},{\"@type\":\"ListItem\",\"position\":2,\"name\":\"Financing\"}]},{\"@type\":\"WebSite\",\"@id\":\"https:\/\/mechanical-one.kmdgideas.com\/es\/#website\",\"url\":\"https:\/\/mechanical-one.kmdgideas.com\/es\/\",\"name\":\"Mechanical One\",\"description\":\"\",\"publisher\":{\"@id\":\"https:\/\/mechanical-one.kmdgideas.com\/es\/#organization\"},\"potentialAction\":[{\"@type\":\"SearchAction\",\"target\":{\"@type\":\"EntryPoint\",\"urlTemplate\":\"https:\/\/mechanical-one.kmdgideas.com\/es\/?s={search_term_string}\"},\"query-input\":{\"@type\":\"PropertyValueSpecification\",\"valueRequired\":true,\"valueName\":\"search_term_string\"}}],\"inLanguage\":\"es\"},{\"@type\":\"Organization\",\"@id\":\"https:\/\/mechanical-one.kmdgideas.com\/es\/#organization\",\"name\":\"Mechanical One\",\"url\":\"https:\/\/mechanical-one.kmdgideas.com\/es\/\",\"logo\":{\"@type\":\"ImageObject\",\"inLanguage\":\"es\",\"@id\":\"https:\/\/mechanical-one.kmdgideas.com\/es\/#\/schema\/logo\/image\/\",\"url\":\"http:\/\/mechanicalone.local\/wp-content\/uploads\/2024\/06\/M1-favicon.png\",\"contentUrl\":\"http:\/\/mechanicalone.local\/wp-content\/uploads\/2024\/06\/M1-favicon.png\",\"width\":500,\"height\":500,\"caption\":\"Mechanical One\"},\"image\":{\"@id\":\"https:\/\/mechanical-one.kmdgideas.com\/es\/#\/schema\/logo\/image\/\"},\"sameAs\":[\"https:\/\/www.facebook.com\/p\/Mechanical-One-61559277924609\/\",\"https:\/\/www.instagram.com\/mechanicalonefl\/\",\"https:\/\/www.linkedin.com\/company\/mechanicalone\/\",\"https:\/\/www.youtube.com\/@MechanicalOne\"]}]}<\/script>\n<!-- \/ Yoast SEO plugin. -->","yoast_head_json":{"title":"Financiaci\u00f3n - Mechanical One","robots":{"index":"index","follow":"follow","max-snippet":"max-snippet:-1","max-image-preview":"max-image-preview:large","max-video-preview":"max-video-preview:-1"},"canonical":"https:\/\/mechanical-one.kmdgideas.com\/es\/financiacion\/","og_locale":"es_ES","og_type":"article","og_title":"Financiaci\u00f3n - Mechanical One","og_description":"Financiaci\u00f3n Mechanical One ofrece financiaci\u00f3n a trav\u00e9s de GoodLeap GoodLeap permite a los propietarios de viviendas de todo el pa\u00eds invertir en sus viviendas con una experiencia financiera sin estr\u00e9s. Sus opciones de pago flexibles&hellip;","og_url":"https:\/\/mechanical-one.kmdgideas.com\/es\/financiacion\/","og_site_name":"Mechanical One","article_publisher":"https:\/\/www.facebook.com\/p\/Mechanical-One-61559277924609\/","article_modified_time":"2024-11-16T22:14:20+00:00","og_image":[{"url":"http:\/\/mechanicalone.local\/wp-content\/uploads\/2024\/07\/iStock-1286815183.jpg","type":"","width":"","height":""}],"twitter_card":"summary_large_image","twitter_misc":{"Est. reading time":"1 minuto"},"schema":{"@context":"https:\/\/schema.org","@graph":[{"@type":"WebPage","@id":"https:\/\/mechanical-one.kmdgideas.com\/es\/financiacion\/","url":"https:\/\/mechanical-one.kmdgideas.com\/es\/financiacion\/","name":"Financiaci\u00f3n - Mechanical One","isPartOf":{"@id":"https:\/\/mechanical-one.kmdgideas.com\/es\/#website"},"primaryImageOfPage":{"@id":"https:\/\/mechanical-one.kmdgideas.com\/es\/financiacion\/#primaryimage"},"image":{"@id":"https:\/\/mechanical-one.kmdgideas.com\/es\/financiacion\/#primaryimage"},"thumbnailUrl":"http:\/\/mechanicalone.local\/wp-content\/uploads\/2024\/07\/iStock-1286815183.jpg","datePublished":"2024-07-09T19:36:02+00:00","dateModified":"2024-11-16T22:14:20+00:00","breadcrumb":{"@id":"https:\/\/mechanical-one.kmdgideas.com\/es\/financiacion\/#breadcrumb"},"inLanguage":"es","potentialAction":[{"@type":"ReadAction","target":["https:\/\/mechanical-one.kmdgideas.com\/es\/financiacion\/"]}]},{"@type":"ImageObject","inLanguage":"es","@id":"https:\/\/mechanical-one.kmdgideas.com\/es\/financiacion\/#primaryimage","url":"http:\/\/mechanicalone.local\/wp-content\/uploads\/2024\/07\/iStock-1286815183.jpg","contentUrl":"http:\/\/mechanicalone.local\/wp-content\/uploads\/2024\/07\/iStock-1286815183.jpg"},{"@type":"BreadcrumbList","@id":"https:\/\/mechanical-one.kmdgideas.com\/es\/financiacion\/#breadcrumb","itemListElement":[{"@type":"ListItem","position":1,"name":"Home","item":"https:\/\/mechanical-one.kmdgideas.com\/es\/"},{"@type":"ListItem","position":2,"name":"Financing"}]},{"@type":"WebSite","@id":"https:\/\/mechanical-one.kmdgideas.com\/es\/#website","url":"https:\/\/mechanical-one.kmdgideas.com\/es\/","name":"Mechanical One","description":"","publisher":{"@id":"https:\/\/mechanical-one.kmdgideas.com\/es\/#organization"},"potentialAction":[{"@type":"SearchAction","target":{"@type":"EntryPoint","urlTemplate":"https:\/\/mechanical-one.kmdgideas.com\/es\/?s={search_term_string}"},"query-input":{"@type":"PropertyValueSpecification","valueRequired":true,"valueName":"search_term_string"}}],"inLanguage":"es"},{"@type":"Organization","@id":"https:\/\/mechanical-one.kmdgideas.com\/es\/#organization","name":"Mechanical One","url":"https:\/\/mechanical-one.kmdgideas.com\/es\/","logo":{"@type":"ImageObject","inLanguage":"es","@id":"https:\/\/mechanical-one.kmdgideas.com\/es\/#\/schema\/logo\/image\/","url":"http:\/\/mechanicalone.local\/wp-content\/uploads\/2024\/06\/M1-favicon.png","contentUrl":"http:\/\/mechanicalone.local\/wp-content\/uploads\/2024\/06\/M1-favicon.png","width":500,"height":500,"caption":"Mechanical One"},"image":{"@id":"https:\/\/mechanical-one.kmdgideas.com\/es\/#\/schema\/logo\/image\/"},"sameAs":["https:\/\/www.facebook.com\/p\/Mechanical-One-61559277924609\/","https:\/\/www.instagram.com\/mechanicalonefl\/","https:\/\/www.linkedin.com\/company\/mechanicalone\/","https:\/\/www.youtube.com\/@MechanicalOne"]}]}},"_links":{"self":[{"href":"https:\/\/mechanical-one.kmdgideas.com\/es\/wp-json\/wp\/v2\/pages\/11261","targetHints":{"allow":["GET"]}}],"collection":[{"href":"https:\/\/mechanical-one.kmdgideas.com\/es\/wp-json\/wp\/v2\/pages"}],"about":[{"href":"https:\/\/mechanical-one.kmdgideas.com\/es\/wp-json\/wp\/v2\/types\/page"}],"author":[{"embeddable":true,"href":"https:\/\/mechanical-one.kmdgideas.com\/es\/wp-json\/wp\/v2\/users\/3"}],"replies":[{"embeddable":true,"href":"https:\/\/mechanical-one.kmdgideas.com\/es\/wp-json\/wp\/v2\/comments?post=11261"}],"version-history":[{"count":0,"href":"https:\/\/mechanical-one.kmdgideas.com\/es\/wp-json\/wp\/v2\/pages\/11261\/revisions"}],"wp:attachment":[{"href":"https:\/\/mechanical-one.kmdgideas.com\/es\/wp-json\/wp\/v2\/media?parent=11261"}],"curies":[{"name":"wp","href":"https:\/\/api.w.org\/{rel}","templated":true}]}}