{"id":11207,"date":"2024-06-26T05:38:22","date_gmt":"2024-06-26T05:38:22","guid":{"rendered":"http:\/\/mechanicalone.local\/campaigns-m1-red-phone\/"},"modified":"2024-11-16T22:17:32","modified_gmt":"2024-11-16T22:17:32","slug":"mechanical-one-red-phone","status":"publish","type":"page","link":"https:\/\/mechanical-one.kmdgideas.com\/es\/informacion\/mechanical-one-red-phone\/","title":{"rendered":"Campaigns &#038; M1 Red Phone"},"content":{"rendered":"<div class=\"kmdg-builder-content\"><div class=\"builder-font-controller\"><section id=\"\" class=\"builder-section builder-section-type--section builder-custom-theme builder-theme--main-theme-dark-fonts builder-section-padding-top-huge builder-section-padding-bottom-huge builder-layout-padding-med builder-font-normal   builder-valign-middle  builder-animated-bg   builder-alt-bg-mobile-style builder-alt-bg-mobile-style--normal      builder-slice-none \" style='z-index: 100;background-color: #000000;' data-index=\"1\" ><div class='builder-bg-image-wrap builder-bg-image-wrap--main' style='height:100%'><div class='builder-img-bg builder-img-bg--simple'><img role='presentation' loading='eager' style='opacity:0.5;object-position:center;' alt='Unedited 246' src='https:\/\/mechanical-one.kmdgideas.com\/wp-content\/uploads\/2024\/07\/Unedited-246-e1721148260341-1024x331.jpg' width='1024' height='331' srcset='https:\/\/mechanical-one.kmdgideas.com\/wp-content\/uploads\/2024\/07\/Unedited-246-e1721148260341.jpg 2000w, https:\/\/mechanical-one.kmdgideas.com\/wp-content\/uploads\/2024\/07\/Unedited-246-e1721148260341-1024x331.jpg 1024w, https:\/\/mechanical-one.kmdgideas.com\/wp-content\/uploads\/2024\/07\/Unedited-246-e1721148260341-768x248.jpg 768w' sizes='(min-width: 2001px) 2000px, (min-width: 1200px) 2000px, (min-width: 768px) 1024px, (min-width: 0px) 768px, 100vw' \/><\/div><\/div><div class=\"builder-layouts-container\"><div class=\"builder-layout builder-layout-one-column \"><div class=\"builder-container\">\n<div class=\"builder-table\">\n    \n\n    <div class=\"builder-column builder-column-type--column \">\n        <div class=\"builder-column-body\">\n            <div class=\"builder-content\">\n                \n<div  class=\"builder-component builder-component-title builder-component-index-1     mobile-align mobile-align--default \" style=\"\">\n    <div class=\"builder-column-header \"\n         style=\"text-align: center; justify-content: center;\">\n        \n        <h1 class=\"builder-title builder-style--h1  \" style=\"  \">\n                            M1 RED PHONE                    <\/h1>\n    <\/div>\n<\/div>            <\/div>\n        <\/div>\n    <\/div>\n<\/div>\n\n<\/div><\/div><\/div><\/section><section id=\"\" class=\"builder-section builder-section-type--section builder-custom-theme builder-theme--main-theme-dark-fonts-smaller-channel builder-section-padding-top-med builder-section-padding-bottom-med builder-layout-padding-med builder-font-normal   builder-valign-top  builder-animated-bg          builder-slice-none \" style='z-index: 99;' data-index=\"2\" ><div class=\"builder-layouts-container\"><div class=\"builder-layout builder-layout-one-column \"><div class=\"builder-container\">\n<div class=\"builder-table\">\n    \n\n    <div class=\"builder-column builder-column-type--column \">\n        <div class=\"builder-column-body\">\n            <div class=\"builder-content\">\n                \n\n\n<div  class=\"builder-component builder-component-wysiwyg builder-component-index-1     list-style--default border-style-default \" style=\"\">\n    <p><img loading=\"lazy\" decoding=\"async\" class=\"wp-image-2733 aligncenter\" src=\"http:\/\/mechanicalone.local\/wp-content\/uploads\/2024\/06\/RedPhone-logo-horizontal-transparent-e1719380713237.png\" alt=\"\" width=\"686\" height=\"298\" srcset=\"https:\/\/mechanical-one.kmdgideas.com\/wp-content\/uploads\/2024\/06\/RedPhone-logo-horizontal-transparent-e1719380713237.png 2100w, https:\/\/mechanical-one.kmdgideas.com\/wp-content\/uploads\/2024\/06\/RedPhone-logo-horizontal-transparent-e1719380713237-300x130.png 300w, https:\/\/mechanical-one.kmdgideas.com\/wp-content\/uploads\/2024\/06\/RedPhone-logo-horizontal-transparent-e1719380713237-1024x445.png 1024w, https:\/\/mechanical-one.kmdgideas.com\/wp-content\/uploads\/2024\/06\/RedPhone-logo-horizontal-transparent-e1719380713237-768x334.png 768w, https:\/\/mechanical-one.kmdgideas.com\/wp-content\/uploads\/2024\/06\/RedPhone-logo-horizontal-transparent-e1719380713237-100x43.png 100w, https:\/\/mechanical-one.kmdgideas.com\/wp-content\/uploads\/2024\/06\/RedPhone-logo-horizontal-transparent-e1719380713237-550x239.png 550w, https:\/\/mechanical-one.kmdgideas.com\/wp-content\/uploads\/2024\/06\/RedPhone-logo-horizontal-transparent-e1719380713237-1536x668.png 1536w, https:\/\/mechanical-one.kmdgideas.com\/wp-content\/uploads\/2024\/06\/RedPhone-logo-horizontal-transparent-e1719380713237-2048x890.png 2048w\" sizes=\"auto, (max-width: 686px) 100vw, 686px\" \/><\/p>\n\n    <\/div>\n            <\/div>\n        <\/div>\n    <\/div>\n<\/div>\n\n<\/div><\/div><div class=\"builder-layout builder-layout-two-column \"><div class=\"builder-container\">\n<div class=\"builder-table\">\n    \n\n    <div class=\"builder-column builder-column-type--column \">\n        <div class=\"builder-column-body\">\n            <div class=\"builder-content\">\n                \n\n\n<div  class=\"builder-component builder-component-wysiwyg builder-component-index-1     list-style--default border-style-default \" style=\"\">\n    <p><span style=\"font-weight: 400;\"><strong>Imag\u00ednate esto:<\/strong> est\u00e1s sudando en un d\u00eda abrasador de verano, y tu aire acondicionado respira con dificultad. En momentos como estos, cada segundo cuenta. Ah\u00ed es donde entra en juego Mechanical One RedPhone, un s\u00edmbolo de nuestro compromiso con un servicio r\u00e1pido y confiable cuando m\u00e1s lo necesita.<\/span><\/p>\n<p><span style=\"font-weight: 400;\">Envuelto en un tono ic\u00f3nico de rojo, que recuerda la urgencia y la eficiencia, Mechanical One RedPhone no es una l\u00ednea directa cualquiera: es su conexi\u00f3n directa a aire m\u00e1s fresco, plomer\u00eda m\u00e1s suave, l\u00edneas de gas m\u00e1s seguras y electricidad confiable. Es el rayo de esperanza cuando la comodidad de su hogar est\u00e1 en juego.<\/span><\/p>\n\n    <\/div>\n            <\/div>\n        <\/div>\n    <\/div>\n    \n\n    <div class=\"builder-column builder-column-type--column \">\n        <div class=\"builder-column-body\">\n            <div class=\"builder-content\">\n                \n\n\n<div  class=\"builder-component builder-component-wysiwyg builder-component-index-1     list-style--default border-style-default \" style=\"\">\n    <p><span style=\"font-weight: 400;\"><strong>Pero el Red Phone no es s\u00f3lo un dispositivo: es una promesa.<\/strong> La promesa de que, sin importar la hora del d\u00eda o la complejidad del problema, Mechanical One est\u00e1 aqu\u00ed para brindar un servicio incomparable con una sonrisa. Si su casa est\u00e1 en RedZone, \u00a1llame a Mechanical One RedPhone!<\/span><\/p>\n<p><span style=\"font-weight: 400;\">Entonces, ya sea que est\u00e9 luchando contra una unidad de aire acondicionado que funciona mal, una tuber\u00eda con fugas, un sistema el\u00e9ctrico defectuoso o una l\u00ednea de gas delicada, tenga la tranquilidad de saber que la ayuda est\u00e1 a solo una llamada de RedPhone. D\u00edgale adi\u00f3s a los largos tiempos de espera y a los frustrantes sistemas automatizados: con Mechanical One, siempre ser\u00e1 recibido por una voz amigable lista para entrar en acci\u00f3n.<\/span><\/p>\n\n    <\/div>\n            <\/div>\n        <\/div>\n    <\/div>\n<\/div><\/div><\/div><\/div><\/section><section id=\"\" class=\"builder-section builder-section-type--section builder-custom-theme builder-theme--main-theme-dark-fonts builder-section-padding-top-none builder-section-padding-bottom-low builder-layout-padding-med builder-font-normal   builder-valign-top  builder-animated-bg          builder-slice-none \" style='z-index: 98;' data-index=\"3\" ><div class=\"builder-layouts-container\"><div class=\"builder-layout builder-layout-one-column \"><div class=\"builder-container\">\n<div class=\"builder-table\">\n    \n\n    <div class=\"builder-column builder-column-type--column \">\n        <div class=\"builder-column-body\">\n            <div class=\"builder-content\">\n                            <\/div>\n        <\/div>\n    <\/div>\n<\/div>\n\n<\/div><\/div><\/div><\/section><\/div><\/div>","protected":false},"excerpt":{"rendered":"<p>M1 RED PHONE Imag\u00ednate esto: est\u00e1s sudando en un d\u00eda abrasador de verano, y tu aire acondicionado respira con dificultad. En momentos como estos, cada segundo cuenta. Ah\u00ed es donde entra en juego Mechanical One&hellip;<\/p>\n","protected":false},"author":3,"featured_media":0,"parent":11206,"menu_order":0,"comment_status":"closed","ping_status":"closed","template":"","meta":{"_acf_changed":false,"footnotes":""},"class_list":["post-11207","page","type-page","status-publish","hentry"],"acf":[],"yoast_head":"<!-- This site is optimized with the Yoast SEO plugin v26.2 - https:\/\/yoast.com\/wordpress\/plugins\/seo\/ -->\n<title>M1 Red Phone | Mechanical One<\/title>\n<meta name=\"robots\" content=\"index, follow, max-snippet:-1, max-image-preview:large, max-video-preview:-1\" \/>\n<link rel=\"canonical\" href=\"https:\/\/mechanical-one.kmdgideas.com\/es\/informacion\/mechanical-one-red-phone\/\" \/>\n<meta property=\"og:locale\" content=\"es_ES\" \/>\n<meta property=\"og:type\" content=\"article\" \/>\n<meta property=\"og:title\" content=\"M1 Red Phone | Mechanical One\" \/>\n<meta property=\"og:description\" content=\"M1 RED PHONE Imag\u00ednate esto: est\u00e1s sudando en un d\u00eda abrasador de verano, y tu aire acondicionado respira con dificultad. En momentos como estos, cada segundo cuenta. Ah\u00ed es donde entra en juego Mechanical One&hellip;\" \/>\n<meta property=\"og:url\" content=\"https:\/\/mechanical-one.kmdgideas.com\/es\/informacion\/mechanical-one-red-phone\/\" \/>\n<meta property=\"og:site_name\" content=\"Mechanical One\" \/>\n<meta property=\"article:publisher\" content=\"https:\/\/www.facebook.com\/p\/Mechanical-One-61559277924609\/\" \/>\n<meta property=\"article:modified_time\" content=\"2024-11-16T22:17:32+00:00\" \/>\n<meta property=\"og:image\" content=\"http:\/\/mechanicalone.local\/wp-content\/uploads\/2024\/07\/Unedited-246-e1721148260341.jpg\" \/>\n<meta name=\"twitter:card\" content=\"summary_large_image\" \/>\n<meta name=\"twitter:label1\" content=\"Est. reading time\" \/>\n\t<meta name=\"twitter:data1\" content=\"2 minutos\" \/>\n<script type=\"application\/ld+json\" class=\"yoast-schema-graph\">{\"@context\":\"https:\/\/schema.org\",\"@graph\":[{\"@type\":\"WebPage\",\"@id\":\"https:\/\/mechanical-one.kmdgideas.com\/es\/informacion\/mechanical-one-red-phone\/\",\"url\":\"https:\/\/mechanical-one.kmdgideas.com\/es\/informacion\/mechanical-one-red-phone\/\",\"name\":\"M1 Red Phone | Mechanical One\",\"isPartOf\":{\"@id\":\"https:\/\/mechanical-one.kmdgideas.com\/es\/#website\"},\"primaryImageOfPage\":{\"@id\":\"https:\/\/mechanical-one.kmdgideas.com\/es\/informacion\/mechanical-one-red-phone\/#primaryimage\"},\"image\":{\"@id\":\"https:\/\/mechanical-one.kmdgideas.com\/es\/informacion\/mechanical-one-red-phone\/#primaryimage\"},\"thumbnailUrl\":\"http:\/\/mechanicalone.local\/wp-content\/uploads\/2024\/07\/Unedited-246-e1721148260341.jpg\",\"datePublished\":\"2024-06-26T05:38:22+00:00\",\"dateModified\":\"2024-11-16T22:17:32+00:00\",\"breadcrumb\":{\"@id\":\"https:\/\/mechanical-one.kmdgideas.com\/es\/informacion\/mechanical-one-red-phone\/#breadcrumb\"},\"inLanguage\":\"es\",\"potentialAction\":[{\"@type\":\"ReadAction\",\"target\":[\"https:\/\/mechanical-one.kmdgideas.com\/es\/informacion\/mechanical-one-red-phone\/\"]}]},{\"@type\":\"ImageObject\",\"inLanguage\":\"es\",\"@id\":\"https:\/\/mechanical-one.kmdgideas.com\/es\/informacion\/mechanical-one-red-phone\/#primaryimage\",\"url\":\"http:\/\/mechanicalone.local\/wp-content\/uploads\/2024\/07\/Unedited-246-e1721148260341.jpg\",\"contentUrl\":\"http:\/\/mechanicalone.local\/wp-content\/uploads\/2024\/07\/Unedited-246-e1721148260341.jpg\"},{\"@type\":\"BreadcrumbList\",\"@id\":\"https:\/\/mechanical-one.kmdgideas.com\/es\/informacion\/mechanical-one-red-phone\/#breadcrumb\",\"itemListElement\":[{\"@type\":\"ListItem\",\"position\":1,\"name\":\"Home\",\"item\":\"https:\/\/mechanical-one.kmdgideas.com\/es\/\"},{\"@type\":\"ListItem\",\"position\":2,\"name\":\"Company &#038; Leadership\",\"item\":\"https:\/\/mechanical-one.kmdgideas.com\/es\/informacion\/\"},{\"@type\":\"ListItem\",\"position\":3,\"name\":\"Campaigns &#038; M1 Red Phone\"}]},{\"@type\":\"WebSite\",\"@id\":\"https:\/\/mechanical-one.kmdgideas.com\/es\/#website\",\"url\":\"https:\/\/mechanical-one.kmdgideas.com\/es\/\",\"name\":\"Mechanical One\",\"description\":\"\",\"publisher\":{\"@id\":\"https:\/\/mechanical-one.kmdgideas.com\/es\/#organization\"},\"potentialAction\":[{\"@type\":\"SearchAction\",\"target\":{\"@type\":\"EntryPoint\",\"urlTemplate\":\"https:\/\/mechanical-one.kmdgideas.com\/es\/?s={search_term_string}\"},\"query-input\":{\"@type\":\"PropertyValueSpecification\",\"valueRequired\":true,\"valueName\":\"search_term_string\"}}],\"inLanguage\":\"es\"},{\"@type\":\"Organization\",\"@id\":\"https:\/\/mechanical-one.kmdgideas.com\/es\/#organization\",\"name\":\"Mechanical One\",\"url\":\"https:\/\/mechanical-one.kmdgideas.com\/es\/\",\"logo\":{\"@type\":\"ImageObject\",\"inLanguage\":\"es\",\"@id\":\"https:\/\/mechanical-one.kmdgideas.com\/es\/#\/schema\/logo\/image\/\",\"url\":\"http:\/\/mechanicalone.local\/wp-content\/uploads\/2024\/06\/M1-favicon.png\",\"contentUrl\":\"http:\/\/mechanicalone.local\/wp-content\/uploads\/2024\/06\/M1-favicon.png\",\"width\":500,\"height\":500,\"caption\":\"Mechanical One\"},\"image\":{\"@id\":\"https:\/\/mechanical-one.kmdgideas.com\/es\/#\/schema\/logo\/image\/\"},\"sameAs\":[\"https:\/\/www.facebook.com\/p\/Mechanical-One-61559277924609\/\",\"https:\/\/www.instagram.com\/mechanicalonefl\/\",\"https:\/\/www.linkedin.com\/company\/mechanicalone\/\",\"https:\/\/www.youtube.com\/@MechanicalOne\"]}]}<\/script>\n<!-- \/ Yoast SEO plugin. -->","yoast_head_json":{"title":"M1 Red Phone | Mechanical One","robots":{"index":"index","follow":"follow","max-snippet":"max-snippet:-1","max-image-preview":"max-image-preview:large","max-video-preview":"max-video-preview:-1"},"canonical":"https:\/\/mechanical-one.kmdgideas.com\/es\/informacion\/mechanical-one-red-phone\/","og_locale":"es_ES","og_type":"article","og_title":"M1 Red Phone | Mechanical One","og_description":"M1 RED PHONE Imag\u00ednate esto: est\u00e1s sudando en un d\u00eda abrasador de verano, y tu aire acondicionado respira con dificultad. En momentos como estos, cada segundo cuenta. Ah\u00ed es donde entra en juego Mechanical One&hellip;","og_url":"https:\/\/mechanical-one.kmdgideas.com\/es\/informacion\/mechanical-one-red-phone\/","og_site_name":"Mechanical One","article_publisher":"https:\/\/www.facebook.com\/p\/Mechanical-One-61559277924609\/","article_modified_time":"2024-11-16T22:17:32+00:00","og_image":[{"url":"http:\/\/mechanicalone.local\/wp-content\/uploads\/2024\/07\/Unedited-246-e1721148260341.jpg","type":"","width":"","height":""}],"twitter_card":"summary_large_image","twitter_misc":{"Est. reading time":"2 minutos"},"schema":{"@context":"https:\/\/schema.org","@graph":[{"@type":"WebPage","@id":"https:\/\/mechanical-one.kmdgideas.com\/es\/informacion\/mechanical-one-red-phone\/","url":"https:\/\/mechanical-one.kmdgideas.com\/es\/informacion\/mechanical-one-red-phone\/","name":"M1 Red Phone | Mechanical One","isPartOf":{"@id":"https:\/\/mechanical-one.kmdgideas.com\/es\/#website"},"primaryImageOfPage":{"@id":"https:\/\/mechanical-one.kmdgideas.com\/es\/informacion\/mechanical-one-red-phone\/#primaryimage"},"image":{"@id":"https:\/\/mechanical-one.kmdgideas.com\/es\/informacion\/mechanical-one-red-phone\/#primaryimage"},"thumbnailUrl":"http:\/\/mechanicalone.local\/wp-content\/uploads\/2024\/07\/Unedited-246-e1721148260341.jpg","datePublished":"2024-06-26T05:38:22+00:00","dateModified":"2024-11-16T22:17:32+00:00","breadcrumb":{"@id":"https:\/\/mechanical-one.kmdgideas.com\/es\/informacion\/mechanical-one-red-phone\/#breadcrumb"},"inLanguage":"es","potentialAction":[{"@type":"ReadAction","target":["https:\/\/mechanical-one.kmdgideas.com\/es\/informacion\/mechanical-one-red-phone\/"]}]},{"@type":"ImageObject","inLanguage":"es","@id":"https:\/\/mechanical-one.kmdgideas.com\/es\/informacion\/mechanical-one-red-phone\/#primaryimage","url":"http:\/\/mechanicalone.local\/wp-content\/uploads\/2024\/07\/Unedited-246-e1721148260341.jpg","contentUrl":"http:\/\/mechanicalone.local\/wp-content\/uploads\/2024\/07\/Unedited-246-e1721148260341.jpg"},{"@type":"BreadcrumbList","@id":"https:\/\/mechanical-one.kmdgideas.com\/es\/informacion\/mechanical-one-red-phone\/#breadcrumb","itemListElement":[{"@type":"ListItem","position":1,"name":"Home","item":"https:\/\/mechanical-one.kmdgideas.com\/es\/"},{"@type":"ListItem","position":2,"name":"Company &#038; Leadership","item":"https:\/\/mechanical-one.kmdgideas.com\/es\/informacion\/"},{"@type":"ListItem","position":3,"name":"Campaigns &#038; M1 Red Phone"}]},{"@type":"WebSite","@id":"https:\/\/mechanical-one.kmdgideas.com\/es\/#website","url":"https:\/\/mechanical-one.kmdgideas.com\/es\/","name":"Mechanical One","description":"","publisher":{"@id":"https:\/\/mechanical-one.kmdgideas.com\/es\/#organization"},"potentialAction":[{"@type":"SearchAction","target":{"@type":"EntryPoint","urlTemplate":"https:\/\/mechanical-one.kmdgideas.com\/es\/?s={search_term_string}"},"query-input":{"@type":"PropertyValueSpecification","valueRequired":true,"valueName":"search_term_string"}}],"inLanguage":"es"},{"@type":"Organization","@id":"https:\/\/mechanical-one.kmdgideas.com\/es\/#organization","name":"Mechanical One","url":"https:\/\/mechanical-one.kmdgideas.com\/es\/","logo":{"@type":"ImageObject","inLanguage":"es","@id":"https:\/\/mechanical-one.kmdgideas.com\/es\/#\/schema\/logo\/image\/","url":"http:\/\/mechanicalone.local\/wp-content\/uploads\/2024\/06\/M1-favicon.png","contentUrl":"http:\/\/mechanicalone.local\/wp-content\/uploads\/2024\/06\/M1-favicon.png","width":500,"height":500,"caption":"Mechanical One"},"image":{"@id":"https:\/\/mechanical-one.kmdgideas.com\/es\/#\/schema\/logo\/image\/"},"sameAs":["https:\/\/www.facebook.com\/p\/Mechanical-One-61559277924609\/","https:\/\/www.instagram.com\/mechanicalonefl\/","https:\/\/www.linkedin.com\/company\/mechanicalone\/","https:\/\/www.youtube.com\/@MechanicalOne"]}]}},"_links":{"self":[{"href":"https:\/\/mechanical-one.kmdgideas.com\/es\/wp-json\/wp\/v2\/pages\/11207","targetHints":{"allow":["GET"]}}],"collection":[{"href":"https:\/\/mechanical-one.kmdgideas.com\/es\/wp-json\/wp\/v2\/pages"}],"about":[{"href":"https:\/\/mechanical-one.kmdgideas.com\/es\/wp-json\/wp\/v2\/types\/page"}],"author":[{"embeddable":true,"href":"https:\/\/mechanical-one.kmdgideas.com\/es\/wp-json\/wp\/v2\/users\/3"}],"replies":[{"embeddable":true,"href":"https:\/\/mechanical-one.kmdgideas.com\/es\/wp-json\/wp\/v2\/comments?post=11207"}],"version-history":[{"count":0,"href":"https:\/\/mechanical-one.kmdgideas.com\/es\/wp-json\/wp\/v2\/pages\/11207\/revisions"}],"up":[{"embeddable":true,"href":"https:\/\/mechanical-one.kmdgideas.com\/es\/wp-json\/wp\/v2\/pages\/11206"}],"wp:attachment":[{"href":"https:\/\/mechanical-one.kmdgideas.com\/es\/wp-json\/wp\/v2\/media?parent=11207"}],"curies":[{"name":"wp","href":"https:\/\/api.w.org\/{rel}","templated":true}]}}